{"id":86,"date":"2012-07-31T02:17:58","date_gmt":"2012-07-31T02:17:58","guid":{"rendered":"https:\/\/avada.theme-fusion.com\/?page_id=86"},"modified":"2019-07-03T21:27:03","modified_gmt":"2019-07-03T21:27:03","slug":"contacto","status":"publish","type":"page","link":"https:\/\/opiniaovalor.com\/en\/contacto\/","title":{"rendered":"Contacto"},"content":{"rendered":"<div class=\"fusion-fullwidth fullwidth-box fusion-builder-row-1 hundred-percent-fullwidth non-hundred-percent-height-scrolling\" style=\"--awb-border-radius-top-left:0px;--awb-border-radius-top-right:0px;--awb-border-radius-bottom-right:0px;--awb-border-radius-bottom-left:0px;--awb-background-color:#29292a;--awb-flex-wrap:wrap;\" ><div class=\"fusion-builder-row fusion-row\"><div class=\"fusion-layout-column fusion_builder_column fusion-builder-column-0 fusion_builder_column_1_1 1_1 fusion-one-full fusion-column-first fusion-column-last fusion-column-no-min-height\" style=\"--awb-bg-size:cover;--awb-margin-bottom:0px;\"><div class=\"fusion-column-wrapper fusion-flex-column-wrapper-legacy\"><div class=\"fusion-title title fusion-title-1 fusion-title-text fusion-title-size-two\"><h2 class=\"fusion-title-heading title-heading-left fusion-responsive-typography-calculated\" style=\"margin:0;--fontSize:18;--minFontSize:18;line-height:1.5;\">Se pretende obter mais informa\u00e7\u00f5es, n\u00e3o hesite em contactar-nos<\/h2><span class=\"awb-title-spacer\"><\/span><div class=\"title-sep-container\"><div class=\"title-sep sep- sep-solid\" style=\"border-color:#3e3e3e;\"><\/div><\/div><\/div><div class=\"fusion-clearfix\"><\/div><\/div><\/div><div class=\"fusion-layout-column fusion_builder_column fusion-builder-column-1 fusion_builder_column_1_1 1_1 fusion-one-full fusion-column-first fusion-column-last fusion-column-no-min-height\" style=\"--awb-bg-size:cover;--awb-margin-bottom:0px;\"><div class=\"fusion-column-wrapper fusion-flex-column-wrapper-legacy\"><div class=\"fusion-text fusion-text-1\"><p>Estamos aqui para o ajudar a encontrar a melhor solu\u00e7\u00e3o imobili\u00e1ria para si. Se tiver alguma quest\u00e3o ou alguma d\u00favida, ou se desejar entrar em contacto connosco para obter mais informa\u00e7\u00f5es, por favor utilize o formul\u00e1rio de contacto que se encontra nesta p\u00e1gina, preenchendo todos os campos obrigat\u00f3rios. Se preferir outro m\u00e9todo de contacto, pode encontrar os nossos detalhes de contacto na sec\u00e7\u00e3o lateral desta p\u00e1gina.<\/p>\n<\/div><div class=\"fusion-sep-clear\"><\/div><div class=\"fusion-separator fusion-full-width-sep\" style=\"margin-left: auto;margin-right: auto;margin-top:20px;width:100%;\"><\/div><div class=\"fusion-sep-clear\"><\/div><div class=\"fusion-clearfix\"><\/div><\/div><\/div><\/div><\/div>","protected":false},"excerpt":{"rendered":"","protected":false},"author":1,"featured_media":0,"parent":0,"menu_order":0,"comment_status":"open","ping_status":"open","template":"contact.php","meta":{"footnotes":""},"class_list":["post-86","page","type-page","status-publish","hentry"],"yoast_head":"<!-- This site is optimized with the Yoast SEO plugin v25.4 - https:\/\/yoast.com\/wordpress\/plugins\/seo\/ -->\n<title>Contacto | Opini\u00e3o Valor<\/title>\n<meta name=\"description\" content=\"Estamos aqui para o ajudar a encontrar a melhor solu\u00e7\u00e3o imobili\u00e1ria para si. Se tiver alguma quest\u00e3o ou alguma d\u00favida, ou se desejar entrar em contacto...\" \/>\n<meta name=\"robots\" content=\"index, follow, max-snippet:-1, max-image-preview:large, max-video-preview:-1\" \/>\n<link rel=\"canonical\" href=\"https:\/\/opiniaovalor.com\/en\/contacto\/\" \/>\n<meta property=\"og:locale\" content=\"en_GB\" \/>\n<meta property=\"og:type\" content=\"article\" \/>\n<meta property=\"og:title\" content=\"Contacto | Opini\u00e3o Valor\" \/>\n<meta property=\"og:description\" content=\"Estamos aqui para o ajudar a encontrar a melhor solu\u00e7\u00e3o imobili\u00e1ria para si. Se tiver alguma quest\u00e3o ou alguma d\u00favida, ou se desejar entrar em contacto...\" \/>\n<meta property=\"og:url\" content=\"https:\/\/opiniaovalor.com\/en\/contacto\/\" \/>\n<meta property=\"og:site_name\" content=\"Opini\u00e3o Valor\" \/>\n<meta property=\"article:modified_time\" content=\"2019-07-03T21:27:03+00:00\" \/>\n<meta name=\"twitter:card\" content=\"summary_large_image\" \/>\n<meta name=\"twitter:label1\" content=\"Estimated reading time\" \/>\n\t<meta name=\"twitter:data1\" content=\"2 minutes\" \/>\n<script type=\"application\/ld+json\" class=\"yoast-schema-graph\">{\"@context\":\"https:\/\/schema.org\",\"@graph\":[{\"@type\":\"WebPage\",\"@id\":\"https:\/\/opiniaovalor.com\/contacto\/\",\"url\":\"https:\/\/opiniaovalor.com\/contacto\/\",\"name\":\"Contacto | Opini\u00e3o Valor\",\"isPartOf\":{\"@id\":\"https:\/\/opiniaovalor.com\/#website\"},\"datePublished\":\"2012-07-31T02:17:58+00:00\",\"dateModified\":\"2019-07-03T21:27:03+00:00\",\"description\":\"Estamos aqui para o ajudar a encontrar a melhor solu\u00e7\u00e3o imobili\u00e1ria para si. Se tiver alguma quest\u00e3o ou alguma d\u00favida, ou se desejar entrar em contacto...\",\"breadcrumb\":{\"@id\":\"https:\/\/opiniaovalor.com\/contacto\/#breadcrumb\"},\"inLanguage\":\"en-GB\",\"potentialAction\":[{\"@type\":\"ReadAction\",\"target\":[\"https:\/\/opiniaovalor.com\/contacto\/\"]}]},{\"@type\":\"BreadcrumbList\",\"@id\":\"https:\/\/opiniaovalor.com\/contacto\/#breadcrumb\",\"itemListElement\":[{\"@type\":\"ListItem\",\"position\":1,\"name\":\"In\u00edcio\",\"item\":\"https:\/\/opiniaovalor.com\/\"},{\"@type\":\"ListItem\",\"position\":2,\"name\":\"Contacto\"}]},{\"@type\":\"WebSite\",\"@id\":\"https:\/\/opiniaovalor.com\/#website\",\"url\":\"https:\/\/opiniaovalor.com\/\",\"name\":\"Opini\u00e3o Valor\",\"description\":\"Under Construction\",\"publisher\":{\"@id\":\"https:\/\/opiniaovalor.com\/#organization\"},\"potentialAction\":[{\"@type\":\"SearchAction\",\"target\":{\"@type\":\"EntryPoint\",\"urlTemplate\":\"https:\/\/opiniaovalor.com\/?s={search_term_string}\"},\"query-input\":{\"@type\":\"PropertyValueSpecification\",\"valueRequired\":true,\"valueName\":\"search_term_string\"}}],\"inLanguage\":\"en-GB\"},{\"@type\":\"Organization\",\"@id\":\"https:\/\/opiniaovalor.com\/#organization\",\"name\":\"Opini\u00e3o Valor\",\"url\":\"https:\/\/opiniaovalor.com\/\",\"logo\":{\"@type\":\"ImageObject\",\"inLanguage\":\"en-GB\",\"@id\":\"https:\/\/opiniaovalor.com\/#\/schema\/logo\/image\/\",\"url\":\"https:\/\/i0.wp.com\/opiniaovalor.com\/wp-content\/uploads\/2019\/07\/OV_logo2_280x120.png?fit=280%2C120&ssl=1\",\"contentUrl\":\"https:\/\/i0.wp.com\/opiniaovalor.com\/wp-content\/uploads\/2019\/07\/OV_logo2_280x120.png?fit=280%2C120&ssl=1\",\"width\":280,\"height\":120,\"caption\":\"Opini\u00e3o Valor\"},\"image\":{\"@id\":\"https:\/\/opiniaovalor.com\/#\/schema\/logo\/image\/\"}}]}<\/script>\n<!-- \/ Yoast SEO plugin. -->","yoast_head_json":{"title":"Contacto | Opini\u00e3o Valor","description":"Estamos aqui para o ajudar a encontrar a melhor solu\u00e7\u00e3o imobili\u00e1ria para si. Se tiver alguma quest\u00e3o ou alguma d\u00favida, ou se desejar entrar em contacto...","robots":{"index":"index","follow":"follow","max-snippet":"max-snippet:-1","max-image-preview":"max-image-preview:large","max-video-preview":"max-video-preview:-1"},"canonical":"https:\/\/opiniaovalor.com\/en\/contacto\/","og_locale":"en_GB","og_type":"article","og_title":"Contacto | Opini\u00e3o Valor","og_description":"Estamos aqui para o ajudar a encontrar a melhor solu\u00e7\u00e3o imobili\u00e1ria para si. Se tiver alguma quest\u00e3o ou alguma d\u00favida, ou se desejar entrar em contacto...","og_url":"https:\/\/opiniaovalor.com\/en\/contacto\/","og_site_name":"Opini\u00e3o Valor","article_modified_time":"2019-07-03T21:27:03+00:00","twitter_card":"summary_large_image","twitter_misc":{"Estimated reading time":"2 minutes"},"schema":{"@context":"https:\/\/schema.org","@graph":[{"@type":"WebPage","@id":"https:\/\/opiniaovalor.com\/contacto\/","url":"https:\/\/opiniaovalor.com\/contacto\/","name":"Contacto | Opini\u00e3o Valor","isPartOf":{"@id":"https:\/\/opiniaovalor.com\/#website"},"datePublished":"2012-07-31T02:17:58+00:00","dateModified":"2019-07-03T21:27:03+00:00","description":"Estamos aqui para o ajudar a encontrar a melhor solu\u00e7\u00e3o imobili\u00e1ria para si. Se tiver alguma quest\u00e3o ou alguma d\u00favida, ou se desejar entrar em contacto...","breadcrumb":{"@id":"https:\/\/opiniaovalor.com\/contacto\/#breadcrumb"},"inLanguage":"en-GB","potentialAction":[{"@type":"ReadAction","target":["https:\/\/opiniaovalor.com\/contacto\/"]}]},{"@type":"BreadcrumbList","@id":"https:\/\/opiniaovalor.com\/contacto\/#breadcrumb","itemListElement":[{"@type":"ListItem","position":1,"name":"In\u00edcio","item":"https:\/\/opiniaovalor.com\/"},{"@type":"ListItem","position":2,"name":"Contacto"}]},{"@type":"WebSite","@id":"https:\/\/opiniaovalor.com\/#website","url":"https:\/\/opiniaovalor.com\/","name":"Opini\u00e3o Valor","description":"Under Construction","publisher":{"@id":"https:\/\/opiniaovalor.com\/#organization"},"potentialAction":[{"@type":"SearchAction","target":{"@type":"EntryPoint","urlTemplate":"https:\/\/opiniaovalor.com\/?s={search_term_string}"},"query-input":{"@type":"PropertyValueSpecification","valueRequired":true,"valueName":"search_term_string"}}],"inLanguage":"en-GB"},{"@type":"Organization","@id":"https:\/\/opiniaovalor.com\/#organization","name":"Opini\u00e3o Valor","url":"https:\/\/opiniaovalor.com\/","logo":{"@type":"ImageObject","inLanguage":"en-GB","@id":"https:\/\/opiniaovalor.com\/#\/schema\/logo\/image\/","url":"https:\/\/i0.wp.com\/opiniaovalor.com\/wp-content\/uploads\/2019\/07\/OV_logo2_280x120.png?fit=280%2C120&ssl=1","contentUrl":"https:\/\/i0.wp.com\/opiniaovalor.com\/wp-content\/uploads\/2019\/07\/OV_logo2_280x120.png?fit=280%2C120&ssl=1","width":280,"height":120,"caption":"Opini\u00e3o Valor"},"image":{"@id":"https:\/\/opiniaovalor.com\/#\/schema\/logo\/image\/"}}]}},"jetpack_shortlink":"https:\/\/wp.me\/PaVwcz-1o","jetpack_sharing_enabled":true,"_links":{"self":[{"href":"https:\/\/opiniaovalor.com\/en\/wp-json\/wp\/v2\/pages\/86","targetHints":{"allow":["GET"]}}],"collection":[{"href":"https:\/\/opiniaovalor.com\/en\/wp-json\/wp\/v2\/pages"}],"about":[{"href":"https:\/\/opiniaovalor.com\/en\/wp-json\/wp\/v2\/types\/page"}],"author":[{"embeddable":true,"href":"https:\/\/opiniaovalor.com\/en\/wp-json\/wp\/v2\/users\/1"}],"replies":[{"embeddable":true,"href":"https:\/\/opiniaovalor.com\/en\/wp-json\/wp\/v2\/comments?post=86"}],"version-history":[{"count":0,"href":"https:\/\/opiniaovalor.com\/en\/wp-json\/wp\/v2\/pages\/86\/revisions"}],"wp:attachment":[{"href":"https:\/\/opiniaovalor.com\/en\/wp-json\/wp\/v2\/media?parent=86"}],"curies":[{"name":"wp","href":"https:\/\/api.w.org\/{rel}","templated":true}]}}