{"id":3496,"date":"2013-04-04T15:18:43","date_gmt":"2013-04-04T15:18:43","guid":{"rendered":"http:\/\/avada.theme-fusion.comxml\/?page_id=3496"},"modified":"2019-07-03T21:22:55","modified_gmt":"2019-07-03T21:22:55","slug":"sobre","status":"publish","type":"page","link":"https:\/\/opiniaovalor.com\/en\/sobre\/","title":{"rendered":"Sobre"},"content":{"rendered":"<div class=\"fusion-fullwidth fullwidth-box fusion-builder-row-1 hundred-percent-fullwidth non-hundred-percent-height-scrolling\" style=\"--awb-border-radius-top-left:0px;--awb-border-radius-top-right:0px;--awb-border-radius-bottom-right:0px;--awb-border-radius-bottom-left:0px;--awb-background-color:#29292a;--awb-flex-wrap:wrap;\" ><div class=\"fusion-builder-row fusion-row\"><div class=\"fusion-layout-column fusion_builder_column fusion-builder-column-0 fusion_builder_column_1_1 1_1 fusion-one-full fusion-column-first fusion-column-last fusion-column-no-min-height\" style=\"--awb-bg-size:cover;--awb-margin-bottom:0px;\"><div class=\"fusion-column-wrapper fusion-flex-column-wrapper-legacy\"><div class=\"fusion-slider-sc fusion-flexslider-loading flexslider flexslider-hover-type-none\" data-slideshow_autoplay=\"1\" data-slideshow_smooth_height=\"0\" data-slideshow_speed=\"7000\" style=\"max-width:100%;height:100%;\"><ul class=\"slides\"><li class=\"image\"><span class=\"fusion-image-hover-element hover-type-none\"><img data-recalc-dims=\"1\" decoding=\"async\" src=\"https:\/\/i0.wp.com\/opiniaovalor.com\/wp-content\/uploads\/2019\/05\/Opini%C3%A3oValor_Sobre_04.jpg?resize=300%2C202&#038;ssl=1\" alt=\"Sede\" width=\"300\" height=\"202\" class=\"wp-image-12019\" srcset=\"https:\/\/i0.wp.com\/opiniaovalor.com\/wp-content\/uploads\/2019\/05\/Opini%C3%A3oValor_Sobre_04.jpg?resize=200%2C134&amp;ssl=1 200w, https:\/\/i0.wp.com\/opiniaovalor.com\/wp-content\/uploads\/2019\/05\/Opini%C3%A3oValor_Sobre_04.jpg?resize=300%2C202&amp;ssl=1 300w, https:\/\/i0.wp.com\/opiniaovalor.com\/wp-content\/uploads\/2019\/05\/Opini%C3%A3oValor_Sobre_04.jpg?resize=400%2C269&amp;ssl=1 400w, https:\/\/i0.wp.com\/opiniaovalor.com\/wp-content\/uploads\/2019\/05\/Opini%C3%A3oValor_Sobre_04.jpg?resize=600%2C403&amp;ssl=1 600w, https:\/\/i0.wp.com\/opiniaovalor.com\/wp-content\/uploads\/2019\/05\/Opini%C3%A3oValor_Sobre_04.jpg?resize=768%2C516&amp;ssl=1 768w, https:\/\/i0.wp.com\/opiniaovalor.com\/wp-content\/uploads\/2019\/05\/Opini%C3%A3oValor_Sobre_04.jpg?resize=800%2C538&amp;ssl=1 800w, https:\/\/i0.wp.com\/opiniaovalor.com\/wp-content\/uploads\/2019\/05\/Opini%C3%A3oValor_Sobre_04.jpg?resize=1024%2C688&amp;ssl=1 1024w, https:\/\/i0.wp.com\/opiniaovalor.com\/wp-content\/uploads\/2019\/05\/Opini%C3%A3oValor_Sobre_04.jpg?resize=1200%2C806&amp;ssl=1 1200w, https:\/\/i0.wp.com\/opiniaovalor.com\/wp-content\/uploads\/2019\/05\/Opini%C3%A3oValor_Sobre_04.jpg?w=1280&amp;ssl=1 1280w\" sizes=\"(max-width: 800px) 100vw, 1200px\" \/><\/span><\/li><\/ul><\/div><div class=\"fusion-clearfix\"><\/div><\/div><\/div><div class=\"fusion-layout-column fusion_builder_column fusion-builder-column-1 fusion_builder_column_2_3 2_3 fusion-two-third fusion-column-first\" style=\"--awb-bg-size:cover;width:66.666666666667%;width:calc(66.666666666667% - ( ( 4% ) * 0.66666666666667 ) );margin-right: 4%;\"><div class=\"fusion-column-wrapper fusion-flex-column-wrapper-legacy\"><div class=\"fusion-title title fusion-title-1 fusion-title-text fusion-title-size-two\"><h2 class=\"fusion-title-heading title-heading-left fusion-responsive-typography-calculated\" style=\"margin:0;--fontSize:18;--minFontSize:18;line-height:1.5;\">Opini\u00e3o Valor, a sua escolha de confian\u00e7a<\/h2><span class=\"awb-title-spacer\"><\/span><div class=\"title-sep-container\"><div class=\"title-sep sep- sep-solid\" style=\"border-color:#3e3e3e;\"><\/div><\/div><\/div><div class=\"fusion-text fusion-text-1\"><div class=\"elementor-element elementor-element-0cf825d elementor-column elementor-col-50 elementor-top-column\" data-id=\"0cf825d\" data-element_type=\"column\">\n<div class=\"elementor-column-wrap elementor-element-populated\">\n<div class=\"elementor-widget-wrap\">\n<div class=\"elementor-element elementor-element-db0b6b9 elementor-widget elementor-widget-text-editor\" data-id=\"db0b6b9\" data-element_type=\"text-editor.default\">\n<div class=\"elementor-widget-container\">\n<div class=\"elementor-text-editor elementor-clearfix\">\n<p data-fontsize=\"17\" data-lineheight=\"23\">A Opini\u00e3o Valor \u00e9 uma empresa de Promo\u00e7\u00e3o e Gest\u00e3o Imobili\u00e1ria, com o seu foco na engenharia e constru\u00e7\u00e3o, n\u00e3o obstante a sua especializa\u00e7\u00e3o em reabilita\u00e7\u00e3o urbana. A nossa vis\u00e3o passa pela reconstru\u00e7\u00e3o e reabilita\u00e7\u00e3o do patrim\u00f3nio arquitect\u00f3nico, introduzindo elementos modernos e inovadores. Acreditamos que a qualidade, excel\u00eanciae e rigor s\u00e3o atributos fundamentais dos nossos projectos. Assim, pretendemos que atrav\u00e9s dos nossos princ\u00edpios possamos crescer juntos e encontrar as melhores solu\u00e7\u00f5es. Aquilo que nos separa das diferentes empresas de Promo\u00e7\u00e3o Imobili\u00e1ria, \u00e9 o nosso foco na gest\u00e3o eficiente dos empreendimentos e a nossa equipa qualificada de profissionais experientes nas \u00e1reas de engenharia e reabilita\u00e7\u00e3o urbana.<\/p>\n<\/div>\n<\/div>\n<\/div>\n<\/div>\n<\/div>\n<\/div>\n<\/div><div class=\"fusion-sep-clear\"><\/div><div class=\"fusion-separator fusion-full-width-sep\" style=\"margin-left: auto;margin-right: auto;margin-top:15px;margin-bottom:15px;width:100%;\"><\/div><div class=\"fusion-sep-clear\"><\/div><div class=\"fusion-title title fusion-title-2 fusion-title-text fusion-title-size-two\"><h2 class=\"fusion-title-heading title-heading-left fusion-responsive-typography-calculated\" style=\"margin:0;--fontSize:18;--minFontSize:18;line-height:1.5;\">Grupo Omega, onde tudo come\u00e7ou<\/h2><span class=\"awb-title-spacer\"><\/span><div class=\"title-sep-container\"><div class=\"title-sep sep- sep-solid\" style=\"border-color:#3e3e3e;\"><\/div><\/div><\/div><div class=\"fusion-text fusion-text-2\"><p class=\"title-heading-left\" data-inline-fontsize=\"true\" data-inline-lineheight=\"true\" data-fontsize=\"14\" data-lineheight=\"16\">A g\u00e9nese do Grupo remonta a 1986, com a constitui\u00e7\u00e3o da empresa, Omega \u2013 Servi\u00e7os de Engenharia, Lda com sede na cidade do Porto. A consolida\u00e7\u00e3o como grupo de empresas foi ganhando dimens\u00e3o durante a d\u00e9cada de 90, com o alargamento das \u00e1reas de atua\u00e7\u00e3o para a Imobili\u00e1ria e a explora\u00e7\u00e3o hoteleira. E na primeira d\u00e9cada do presente s\u00e9culo com a expans\u00e3o para os mercados internacionais. Hoje o Grupo est\u00e1 presente em Portugal, Brasil e Mo\u00e7ambique e tem como principais \u00e1reas de atua\u00e7\u00e3o os Servi\u00e7os de Engenharia, a Promo\u00e7\u00e3o Imobili\u00e1ria e a Explora\u00e7\u00e3o Hoteleira.<\/p>\n<\/div><div class=\"fusion-sep-clear\"><\/div><div class=\"fusion-separator fusion-full-width-sep\" style=\"margin-left: auto;margin-right: auto;margin-top:15px;margin-bottom:15px;width:100%;\"><\/div><div class=\"fusion-sep-clear\"><\/div><div class=\"fusion-button-wrapper\"><a class=\"fusion-button button-flat button-medium button-default fusion-button-default button-1 fusion-button-default-span\" style=\"--button-border-radius-top-left:2px;--button-border-radius-top-right:2px;--button-border-radius-bottom-right:2px;--button-border-radius-bottom-left:2px;\" target=\"_blank\" rel=\"noopener noreferrer\" href=\"https:\/\/grupoomega.com.pt\"><span class=\"fusion-button-icon-divider button-icon-divider-left\"><i class=\"fa-angle-right fas awb-button__icon awb-button__icon--default\" aria-hidden=\"true\"><\/i><\/span><span class=\"fusion-button-text awb-button__text awb-button__text--default fusion-button-text-left\">Visitar o Grupo Omega<\/span><\/a><\/div><div class=\"fusion-clearfix\"><\/div><\/div><\/div><div class=\"fusion-layout-column fusion_builder_column fusion-builder-column-2 fusion_builder_column_1_3 1_3 fusion-one-third fusion-column-last\" style=\"--awb-bg-size:cover;width:33.333333333333%;width:calc(33.333333333333% - ( ( 4% ) * 0.33333333333333 ) );\"><div class=\"fusion-column-wrapper fusion-flex-column-wrapper-legacy\"><div class=\"fusion-title title fusion-title-3 fusion-title-text fusion-title-size-two\"><h2 class=\"fusion-title-heading title-heading-left fusion-responsive-typography-calculated\" style=\"margin:0;--fontSize:18;--minFontSize:18;line-height:1.5;\">A Nossa Localiza\u00e7\u00e3o<\/h2><span class=\"awb-title-spacer\"><\/span><div class=\"title-sep-container\"><div class=\"title-sep sep- sep-solid\" style=\"border-color:#3e3e3e;\"><\/div><\/div><\/div>\t\t\t\t\t<script type=\"text\/javascript\">\n\t\t\t\t\t\tvar map_fusion_map_69e6374985c19;\n\t\t\t\t\t\tvar markers = [];\n\t\t\t\t\t\tvar counter = 0;\n\t\t\t\t\t\t\t\t\t\t\t\t\t\t\t\t\t\t\t\tvar fusionMapNonce = 'df35ccd4fb';\n\t\t\t\t\t\t\t\t\t\t\t\tfunction fusion_run_map_fusion_map_69e6374985c19() {\n\t\t\t\t\t\t\tjQuery ('#fusion_map_69e6374985c19' ).fusion_maps( {\n\t\t\t\t\t\t\t\taddresses: [{\"address\":\"41.152407, -8.665156\",\"infobox_content\":\"\",\"coordinates\":true,\"latitude\":\"41.152407\",\"longitude\":\" -8.665156\",\"cache\":true,\"geocoded_address\":\"41.152407, -8.665156\"}],\n\t\t\t\t\t\t\t\tanimations: false,\n\t\t\t\t\t\t\t\tinfobox_background_color: '',\n\t\t\t\t\t\t\t\tinfobox_styling: 'default',\n\t\t\t\t\t\t\t\tinfobox_text_color: '',\n\t\t\t\t\t\t\t\tmap_style: 'default',\n\t\t\t\t\t\t\t\tmap_type: 'roadmap',\n\t\t\t\t\t\t\t\tmarker_icon: '',\n\t\t\t\t\t\t\t\toverlay_color: '',\n\t\t\t\t\t\t\t\toverlay_color_hsl: {\"hue\":0,\"sat\":0,\"lum\":100},\n\t\t\t\t\t\t\t\tshow_address: false,\n\t\t\t\t\t\t\t\tscale_control: true,\n\t\t\t\t\t\t\t\tscrollwheel: true,\n\t\t\t\t\t\t\t\tzoom: 12,\n\t\t\t\t\t\t\t\tzoom_control: true,\n\t\t\t\t\t\t\t} );\n\t\t\t\t\t\t}\n\n\t\t\t\t\t\tgoogle.maps.event.addDomListener(window, 'load', fusion_run_map_fusion_map_69e6374985c19);\n\t\t\t\t\t<\/script>\n\t\t\t\t\t<div class=\"shortcode-map fusion-google-map fusion-maps-js-type\" style=\"--awb-height:180px;\" id=\"fusion_map_69e6374985c19\"><\/div><div class=\"fusion-text fusion-text-3\"><h4>Sede na Cidade do Porto<\/h4>\n<p>Rua Fern\u00e3o Lopes, 157 \u2013 2\u00ba Esquerdo A<\/p>\n<p>4150-318, Porto, Portugal<\/p>\n<p>Tel:. (+351) 225 322 736<\/p>\n<p>E-mail: <a href=\"mailto:info@opiniaovalor.com\">info@opiniaovalor.com<\/a><\/p>\n<p>Web: <a href=\"https:\/\/opiniaovalor.com\/en\/\">https:\/\/opiniaovalor.com\/<\/a><\/p>\n<\/div><div class=\"fusion-clearfix\"><\/div><\/div><\/div><div class=\"fusion-layout-column fusion_builder_column fusion-builder-column-3 fusion_builder_column_1_1 1_1 fusion-one-full fusion-column-first fusion-column-last fusion-column-no-min-height\" style=\"--awb-bg-size:cover;--awb-margin-bottom:0px;\"><div class=\"fusion-column-wrapper fusion-flex-column-wrapper-legacy\"><div class=\"fusion-sep-clear\"><\/div><div class=\"fusion-separator fusion-full-width-sep\" style=\"margin-left: auto;margin-right: auto;margin-top:15px;margin-bottom:15px;width:100%;\"><\/div><div class=\"fusion-sep-clear\"><\/div><div class=\"fusion-clearfix\"><\/div><\/div><\/div><\/div><\/div>","protected":false},"excerpt":{"rendered":"","protected":false},"author":1,"featured_media":0,"parent":0,"menu_order":0,"comment_status":"open","ping_status":"closed","template":"","meta":{"footnotes":""},"class_list":["post-3496","page","type-page","status-publish","hentry"],"yoast_head":"<!-- This site is optimized with the Yoast SEO plugin v25.4 - https:\/\/yoast.com\/wordpress\/plugins\/seo\/ -->\n<title>Sobre | Opini\u00e3o Valor<\/title>\n<meta name=\"description\" content=\"A Opini\u00e3o Valor \u00e9 uma empresa de Promo\u00e7\u00e3o e Gest\u00e3o Imobili\u00e1ria, com o seu foco na engenharia e constru\u00e7\u00e3o, especializada em reabilita\u00e7\u00e3o urbana...\" \/>\n<meta name=\"robots\" content=\"index, follow, max-snippet:-1, max-image-preview:large, max-video-preview:-1\" \/>\n<link rel=\"canonical\" href=\"https:\/\/opiniaovalor.com\/en\/sobre\/\" \/>\n<meta property=\"og:locale\" content=\"en_GB\" \/>\n<meta property=\"og:type\" content=\"article\" \/>\n<meta property=\"og:title\" content=\"Sobre | Opini\u00e3o Valor\" \/>\n<meta property=\"og:description\" content=\"A Opini\u00e3o Valor \u00e9 uma empresa de Promo\u00e7\u00e3o e Gest\u00e3o Imobili\u00e1ria, com o seu foco na engenharia e constru\u00e7\u00e3o, especializada em reabilita\u00e7\u00e3o urbana...\" \/>\n<meta property=\"og:url\" content=\"https:\/\/opiniaovalor.com\/en\/sobre\/\" \/>\n<meta property=\"og:site_name\" content=\"Opini\u00e3o Valor\" \/>\n<meta property=\"article:modified_time\" content=\"2019-07-03T21:22:55+00:00\" \/>\n<meta name=\"twitter:card\" content=\"summary_large_image\" \/>\n<meta name=\"twitter:label1\" content=\"Estimated reading time\" \/>\n\t<meta name=\"twitter:data1\" content=\"5 minutes\" \/>\n<script type=\"application\/ld+json\" class=\"yoast-schema-graph\">{\"@context\":\"https:\/\/schema.org\",\"@graph\":[{\"@type\":\"WebPage\",\"@id\":\"https:\/\/opiniaovalor.com\/sobre\/\",\"url\":\"https:\/\/opiniaovalor.com\/sobre\/\",\"name\":\"Sobre | Opini\u00e3o Valor\",\"isPartOf\":{\"@id\":\"https:\/\/opiniaovalor.com\/#website\"},\"datePublished\":\"2013-04-04T15:18:43+00:00\",\"dateModified\":\"2019-07-03T21:22:55+00:00\",\"description\":\"A Opini\u00e3o Valor \u00e9 uma empresa de Promo\u00e7\u00e3o e Gest\u00e3o Imobili\u00e1ria, com o seu foco na engenharia e constru\u00e7\u00e3o, especializada em reabilita\u00e7\u00e3o urbana...\",\"breadcrumb\":{\"@id\":\"https:\/\/opiniaovalor.com\/sobre\/#breadcrumb\"},\"inLanguage\":\"en-GB\",\"potentialAction\":[{\"@type\":\"ReadAction\",\"target\":[\"https:\/\/opiniaovalor.com\/sobre\/\"]}]},{\"@type\":\"BreadcrumbList\",\"@id\":\"https:\/\/opiniaovalor.com\/sobre\/#breadcrumb\",\"itemListElement\":[{\"@type\":\"ListItem\",\"position\":1,\"name\":\"In\u00edcio\",\"item\":\"https:\/\/opiniaovalor.com\/\"},{\"@type\":\"ListItem\",\"position\":2,\"name\":\"Sobre\"}]},{\"@type\":\"WebSite\",\"@id\":\"https:\/\/opiniaovalor.com\/#website\",\"url\":\"https:\/\/opiniaovalor.com\/\",\"name\":\"Opini\u00e3o Valor\",\"description\":\"Under Construction\",\"publisher\":{\"@id\":\"https:\/\/opiniaovalor.com\/#organization\"},\"potentialAction\":[{\"@type\":\"SearchAction\",\"target\":{\"@type\":\"EntryPoint\",\"urlTemplate\":\"https:\/\/opiniaovalor.com\/?s={search_term_string}\"},\"query-input\":{\"@type\":\"PropertyValueSpecification\",\"valueRequired\":true,\"valueName\":\"search_term_string\"}}],\"inLanguage\":\"en-GB\"},{\"@type\":\"Organization\",\"@id\":\"https:\/\/opiniaovalor.com\/#organization\",\"name\":\"Opini\u00e3o Valor\",\"url\":\"https:\/\/opiniaovalor.com\/\",\"logo\":{\"@type\":\"ImageObject\",\"inLanguage\":\"en-GB\",\"@id\":\"https:\/\/opiniaovalor.com\/#\/schema\/logo\/image\/\",\"url\":\"https:\/\/i0.wp.com\/opiniaovalor.com\/wp-content\/uploads\/2019\/07\/OV_logo2_280x120.png?fit=280%2C120&ssl=1\",\"contentUrl\":\"https:\/\/i0.wp.com\/opiniaovalor.com\/wp-content\/uploads\/2019\/07\/OV_logo2_280x120.png?fit=280%2C120&ssl=1\",\"width\":280,\"height\":120,\"caption\":\"Opini\u00e3o Valor\"},\"image\":{\"@id\":\"https:\/\/opiniaovalor.com\/#\/schema\/logo\/image\/\"}}]}<\/script>\n<!-- \/ Yoast SEO plugin. -->","yoast_head_json":{"title":"Sobre | Opini\u00e3o Valor","description":"A Opini\u00e3o Valor \u00e9 uma empresa de Promo\u00e7\u00e3o e Gest\u00e3o Imobili\u00e1ria, com o seu foco na engenharia e constru\u00e7\u00e3o, especializada em reabilita\u00e7\u00e3o urbana...","robots":{"index":"index","follow":"follow","max-snippet":"max-snippet:-1","max-image-preview":"max-image-preview:large","max-video-preview":"max-video-preview:-1"},"canonical":"https:\/\/opiniaovalor.com\/en\/sobre\/","og_locale":"en_GB","og_type":"article","og_title":"Sobre | Opini\u00e3o Valor","og_description":"A Opini\u00e3o Valor \u00e9 uma empresa de Promo\u00e7\u00e3o e Gest\u00e3o Imobili\u00e1ria, com o seu foco na engenharia e constru\u00e7\u00e3o, especializada em reabilita\u00e7\u00e3o urbana...","og_url":"https:\/\/opiniaovalor.com\/en\/sobre\/","og_site_name":"Opini\u00e3o Valor","article_modified_time":"2019-07-03T21:22:55+00:00","twitter_card":"summary_large_image","twitter_misc":{"Estimated reading time":"5 minutes"},"schema":{"@context":"https:\/\/schema.org","@graph":[{"@type":"WebPage","@id":"https:\/\/opiniaovalor.com\/sobre\/","url":"https:\/\/opiniaovalor.com\/sobre\/","name":"Sobre | Opini\u00e3o Valor","isPartOf":{"@id":"https:\/\/opiniaovalor.com\/#website"},"datePublished":"2013-04-04T15:18:43+00:00","dateModified":"2019-07-03T21:22:55+00:00","description":"A Opini\u00e3o Valor \u00e9 uma empresa de Promo\u00e7\u00e3o e Gest\u00e3o Imobili\u00e1ria, com o seu foco na engenharia e constru\u00e7\u00e3o, especializada em reabilita\u00e7\u00e3o urbana...","breadcrumb":{"@id":"https:\/\/opiniaovalor.com\/sobre\/#breadcrumb"},"inLanguage":"en-GB","potentialAction":[{"@type":"ReadAction","target":["https:\/\/opiniaovalor.com\/sobre\/"]}]},{"@type":"BreadcrumbList","@id":"https:\/\/opiniaovalor.com\/sobre\/#breadcrumb","itemListElement":[{"@type":"ListItem","position":1,"name":"In\u00edcio","item":"https:\/\/opiniaovalor.com\/"},{"@type":"ListItem","position":2,"name":"Sobre"}]},{"@type":"WebSite","@id":"https:\/\/opiniaovalor.com\/#website","url":"https:\/\/opiniaovalor.com\/","name":"Opini\u00e3o Valor","description":"Under Construction","publisher":{"@id":"https:\/\/opiniaovalor.com\/#organization"},"potentialAction":[{"@type":"SearchAction","target":{"@type":"EntryPoint","urlTemplate":"https:\/\/opiniaovalor.com\/?s={search_term_string}"},"query-input":{"@type":"PropertyValueSpecification","valueRequired":true,"valueName":"search_term_string"}}],"inLanguage":"en-GB"},{"@type":"Organization","@id":"https:\/\/opiniaovalor.com\/#organization","name":"Opini\u00e3o Valor","url":"https:\/\/opiniaovalor.com\/","logo":{"@type":"ImageObject","inLanguage":"en-GB","@id":"https:\/\/opiniaovalor.com\/#\/schema\/logo\/image\/","url":"https:\/\/i0.wp.com\/opiniaovalor.com\/wp-content\/uploads\/2019\/07\/OV_logo2_280x120.png?fit=280%2C120&ssl=1","contentUrl":"https:\/\/i0.wp.com\/opiniaovalor.com\/wp-content\/uploads\/2019\/07\/OV_logo2_280x120.png?fit=280%2C120&ssl=1","width":280,"height":120,"caption":"Opini\u00e3o Valor"},"image":{"@id":"https:\/\/opiniaovalor.com\/#\/schema\/logo\/image\/"}}]}},"jetpack_shortlink":"https:\/\/wp.me\/PaVwcz-Uo","jetpack_sharing_enabled":true,"_links":{"self":[{"href":"https:\/\/opiniaovalor.com\/en\/wp-json\/wp\/v2\/pages\/3496","targetHints":{"allow":["GET"]}}],"collection":[{"href":"https:\/\/opiniaovalor.com\/en\/wp-json\/wp\/v2\/pages"}],"about":[{"href":"https:\/\/opiniaovalor.com\/en\/wp-json\/wp\/v2\/types\/page"}],"author":[{"embeddable":true,"href":"https:\/\/opiniaovalor.com\/en\/wp-json\/wp\/v2\/users\/1"}],"replies":[{"embeddable":true,"href":"https:\/\/opiniaovalor.com\/en\/wp-json\/wp\/v2\/comments?post=3496"}],"version-history":[{"count":0,"href":"https:\/\/opiniaovalor.com\/en\/wp-json\/wp\/v2\/pages\/3496\/revisions"}],"wp:attachment":[{"href":"https:\/\/opiniaovalor.com\/en\/wp-json\/wp\/v2\/media?parent=3496"}],"curies":[{"name":"wp","href":"https:\/\/api.w.org\/{rel}","templated":true}]}}