{"id":10047,"date":"2014-08-14T18:06:48","date_gmt":"2014-08-14T18:06:48","guid":{"rendered":"http:\/\/avada.theme-fusion.comxml\/?page_id=10047"},"modified":"2019-07-03T21:25:13","modified_gmt":"2019-07-03T21:25:13","slug":"imoveis","status":"publish","type":"page","link":"https:\/\/opiniaovalor.com\/en\/imoveis\/","title":{"rendered":"Im\u00f3veis"},"content":{"rendered":"<div class=\"fusion-fullwidth fullwidth-box fusion-builder-row-1 hundred-percent-fullwidth non-hundred-percent-height-scrolling\" style=\"--awb-border-radius-top-left:0px;--awb-border-radius-top-right:0px;--awb-border-radius-bottom-right:0px;--awb-border-radius-bottom-left:0px;--awb-background-color:#29292a;--awb-flex-wrap:wrap;\" ><div class=\"fusion-builder-row fusion-row\"><div class=\"fusion-layout-column fusion_builder_column fusion-builder-column-0 fusion_builder_column_1_1 1_1 fusion-one-full fusion-column-first fusion-column-last fusion-column-no-min-height\" style=\"--awb-bg-size:cover;--awb-margin-bottom:0px;\"><div class=\"fusion-column-wrapper fusion-flex-column-wrapper-legacy\"><div class=\"fusion-recent-works fusion-portfolio-element fusion-portfolio fusion-portfolio-1 fusion-portfolio-grid fusion-portfolio-paging-infinite fusion-portfolio-two fusion-portfolio-no_text fusion-portfolio-rollover\" data-id=\"-rw-1\" data-columns=\"two\"><style type=\"text\/css\">.fusion-portfolio-1 .fusion-portfolio-wrapper .fusion-col-spacing{padding:6px;}<\/style><div class=\"fusion-portfolio-wrapper\" id=\"fusion-portfolio-1\" data-picturesize=\"auto\" data-pages=\"1\" style=\"margin:-6px;\"><article id=\"portfolio-1-post-12142\" class=\"fusion-portfolio-post imoveis fusion-col-spacing post-12142\"><div class=\"fusion-portfolio-content-wrapper\" style=\"border:none;\"><span class=\"entry-title rich-snippet-hidden\">Rua do Para\u00edso da Foz<\/span><span class=\"vcard rich-snippet-hidden\"><span class=\"fn\"><a href=\"https:\/\/opiniaovalor.com\/en\/author\/Ye18.Maq910T\/\" title=\"Posts by Ye18.Maq910T\" rel=\"author\">Ye18.Maq910T<\/a><\/span><\/span><span class=\"updated rich-snippet-hidden\">2019-07-03T16:52:06+00:00<\/span><div  class=\"fusion-image-wrapper\" aria-haspopup=\"true\">\n\t\t\t\t<img data-recalc-dims=\"1\" decoding=\"async\" width=\"1100\" height=\"734\" src=\"https:\/\/i0.wp.com\/opiniaovalor.com\/wp-content\/uploads\/2019\/05\/RuaDoParaiso_01.jpg?resize=1100%2C734&#038;ssl=1\" class=\"attachment-full size-full wp-post-image\" alt=\"Rua do Para\u00edso da Foz\" srcset=\"https:\/\/i0.wp.com\/opiniaovalor.com\/wp-content\/uploads\/2019\/05\/RuaDoParaiso_01.jpg?resize=200%2C133&amp;ssl=1 200w, https:\/\/i0.wp.com\/opiniaovalor.com\/wp-content\/uploads\/2019\/05\/RuaDoParaiso_01.jpg?resize=300%2C200&amp;ssl=1 300w, https:\/\/i0.wp.com\/opiniaovalor.com\/wp-content\/uploads\/2019\/05\/RuaDoParaiso_01.jpg?resize=400%2C267&amp;ssl=1 400w, https:\/\/i0.wp.com\/opiniaovalor.com\/wp-content\/uploads\/2019\/05\/RuaDoParaiso_01.jpg?resize=600%2C400&amp;ssl=1 600w, https:\/\/i0.wp.com\/opiniaovalor.com\/wp-content\/uploads\/2019\/05\/RuaDoParaiso_01.jpg?resize=768%2C512&amp;ssl=1 768w, https:\/\/i0.wp.com\/opiniaovalor.com\/wp-content\/uploads\/2019\/05\/RuaDoParaiso_01.jpg?resize=800%2C534&amp;ssl=1 800w, https:\/\/i0.wp.com\/opiniaovalor.com\/wp-content\/uploads\/2019\/05\/RuaDoParaiso_01.jpg?resize=1024%2C683&amp;ssl=1 1024w, https:\/\/i0.wp.com\/opiniaovalor.com\/wp-content\/uploads\/2019\/05\/RuaDoParaiso_01.jpg?resize=1200%2C801&amp;ssl=1 1200w, https:\/\/i0.wp.com\/opiniaovalor.com\/wp-content\/uploads\/2019\/05\/RuaDoParaiso_01.jpg?fit=1280%2C854&amp;ssl=1 1280w\" sizes=\"(min-width: 2200px) 100vw, (min-width: 732px) 544px, (min-width: 640px) 732px, \" \/><div class=\"fusion-rollover\">\n\t<div class=\"fusion-rollover-content\">\n\n\t\t\t\t\t\t\t\t\t\t\t\t\t\t<a class=\"fusion-rollover-link\" href=\"https:\/\/opiniaovalor.com\/en\/portfolio-items\/rua-do-paraiso-da-foz\/\">Rua do Para\u00edso da Foz<\/a>\n\t\t\t\n\t\t\t\t\t\t\t\t\t\t\t\t\t\t\n\t\t\t\t\t\t\t\t\n\t\t\t\t\t\t\t\t\t\t\t\t\t<div class=\"fusion-rollover-sep\"><\/div>\n\t\t\t\t\n\t\t\t\t\t\t\t\t\t\t\t\t\t\t\t\t\t\t<a class=\"fusion-rollover-gallery\" href=\"https:\/\/i0.wp.com\/opiniaovalor.com\/wp-content\/uploads\/2019\/05\/RuaDoParaiso_01.jpg?fit=1280%2C854&ssl=1\" data-options=\"\" data-id=\"12142\" data-rel=\"iLightbox[gallery-rw-1]\" data-title=\"Rua do Para\u00edso da Foz\" data-caption=\"Rua do Para\u00edso da Foz\">\n\t\t\t\t\t\tGallery\t\t\t\t\t<\/a>\n\t\t\t\t\t\t\t\t\t\t\t\t\t\t\n\t\t\n\t\t\t\t\t\t\t\t\t\t\t\t<h4 class=\"fusion-rollover-title\">\n\t\t\t\t\t<a class=\"fusion-rollover-title-link\" href=\"https:\/\/opiniaovalor.com\/en\/portfolio-items\/rua-do-paraiso-da-foz\/\">\n\t\t\t\t\t\tRua do Para\u00edso da Foz\t\t\t\t\t<\/a>\n\t\t\t\t<\/h4>\n\t\t\t\n\t\t\t\t\t\t\t\t\t\t<div class=\"fusion-rollover-categories\"><a href=\"https:\/\/opiniaovalor.com\/en\/portfolio_category\/imoveis\/\" rel=\"tag\">Im\u00f3veis<\/a><\/div>\t\t\t\t\t\n\t\t\n\t\t\t\t\t\t<a class=\"fusion-link-wrapper\" href=\"https:\/\/opiniaovalor.com\/en\/portfolio-items\/rua-do-paraiso-da-foz\/\" aria-label=\"Rua do Para\u00edso da Foz\"><\/a>\n\t<\/div>\n<\/div>\n<\/div>\n<\/div><\/article><article id=\"portfolio-1-post-12140\" class=\"fusion-portfolio-post imoveis fusion-col-spacing post-12140\"><div class=\"fusion-portfolio-content-wrapper\" style=\"border:none;\"><span class=\"entry-title rich-snippet-hidden\">Rua da Cerca<\/span><span class=\"vcard rich-snippet-hidden\"><span class=\"fn\"><a href=\"https:\/\/opiniaovalor.com\/en\/author\/Ye18.Maq910T\/\" title=\"Posts by Ye18.Maq910T\" rel=\"author\">Ye18.Maq910T<\/a><\/span><\/span><span class=\"updated rich-snippet-hidden\">2019-07-04T15:33:37+00:00<\/span><div  class=\"fusion-image-wrapper\" aria-haspopup=\"true\">\n\t\t\t\t<img data-recalc-dims=\"1\" decoding=\"async\" width=\"1100\" height=\"734\" src=\"https:\/\/i0.wp.com\/opiniaovalor.com\/wp-content\/uploads\/2019\/05\/RuaDaCerca_02.jpg?resize=1100%2C734&#038;ssl=1\" class=\"attachment-full size-full wp-post-image\" alt=\"Rua da Cerca\" srcset=\"https:\/\/i0.wp.com\/opiniaovalor.com\/wp-content\/uploads\/2019\/05\/RuaDaCerca_02.jpg?resize=200%2C133&amp;ssl=1 200w, https:\/\/i0.wp.com\/opiniaovalor.com\/wp-content\/uploads\/2019\/05\/RuaDaCerca_02.jpg?resize=300%2C200&amp;ssl=1 300w, https:\/\/i0.wp.com\/opiniaovalor.com\/wp-content\/uploads\/2019\/05\/RuaDaCerca_02.jpg?resize=400%2C267&amp;ssl=1 400w, https:\/\/i0.wp.com\/opiniaovalor.com\/wp-content\/uploads\/2019\/05\/RuaDaCerca_02.jpg?resize=600%2C400&amp;ssl=1 600w, https:\/\/i0.wp.com\/opiniaovalor.com\/wp-content\/uploads\/2019\/05\/RuaDaCerca_02.jpg?resize=768%2C512&amp;ssl=1 768w, https:\/\/i0.wp.com\/opiniaovalor.com\/wp-content\/uploads\/2019\/05\/RuaDaCerca_02.jpg?resize=800%2C534&amp;ssl=1 800w, https:\/\/i0.wp.com\/opiniaovalor.com\/wp-content\/uploads\/2019\/05\/RuaDaCerca_02.jpg?resize=1024%2C683&amp;ssl=1 1024w, https:\/\/i0.wp.com\/opiniaovalor.com\/wp-content\/uploads\/2019\/05\/RuaDaCerca_02.jpg?resize=1200%2C801&amp;ssl=1 1200w, https:\/\/i0.wp.com\/opiniaovalor.com\/wp-content\/uploads\/2019\/05\/RuaDaCerca_02.jpg?fit=1280%2C854&amp;ssl=1 1280w\" sizes=\"(min-width: 2200px) 100vw, (min-width: 732px) 544px, (min-width: 640px) 732px, \" \/><div class=\"fusion-rollover\">\n\t<div class=\"fusion-rollover-content\">\n\n\t\t\t\t\t\t\t\t\t\t\t\t\t\t<a class=\"fusion-rollover-link\" href=\"https:\/\/opiniaovalor.com\/en\/portfolio-items\/rua-da-cerca\/\">Rua da Cerca<\/a>\n\t\t\t\n\t\t\t\t\t\t\t\t\t\t\t\t\t\t\n\t\t\t\t\t\t\t\t\n\t\t\t\t\t\t\t\t\t\t\t\t\t<div class=\"fusion-rollover-sep\"><\/div>\n\t\t\t\t\n\t\t\t\t\t\t\t\t\t\t\t\t\t\t\t\t\t\t<a class=\"fusion-rollover-gallery\" href=\"https:\/\/i0.wp.com\/opiniaovalor.com\/wp-content\/uploads\/2019\/05\/RuaDaCerca_02.jpg?fit=1280%2C854&ssl=1\" data-options=\"\" data-id=\"12140\" data-rel=\"iLightbox[gallery-rw-1]\" data-title=\"Rua da Cerca\" data-caption=\"Rua da Cerca\">\n\t\t\t\t\t\tGallery\t\t\t\t\t<\/a>\n\t\t\t\t\t\t\t\t\t\t\t\t\t\t\n\t\t\n\t\t\t\t\t\t\t\t\t\t\t\t<h4 class=\"fusion-rollover-title\">\n\t\t\t\t\t<a class=\"fusion-rollover-title-link\" href=\"https:\/\/opiniaovalor.com\/en\/portfolio-items\/rua-da-cerca\/\">\n\t\t\t\t\t\tRua da Cerca\t\t\t\t\t<\/a>\n\t\t\t\t<\/h4>\n\t\t\t\n\t\t\t\t\t\t\t\t\t\t<div class=\"fusion-rollover-categories\"><a href=\"https:\/\/opiniaovalor.com\/en\/portfolio_category\/imoveis\/\" rel=\"tag\">Im\u00f3veis<\/a><\/div>\t\t\t\t\t\n\t\t\n\t\t\t\t\t\t<a class=\"fusion-link-wrapper\" href=\"https:\/\/opiniaovalor.com\/en\/portfolio-items\/rua-da-cerca\/\" aria-label=\"Rua da Cerca\"><\/a>\n\t<\/div>\n<\/div>\n<\/div>\n<\/div><\/article><article id=\"portfolio-1-post-12056\" class=\"fusion-portfolio-post imoveis fusion-col-spacing post-12056\"><div class=\"fusion-portfolio-content-wrapper\" style=\"border:none;\"><span class=\"entry-title rich-snippet-hidden\">Rua da Quinta<\/span><span class=\"vcard rich-snippet-hidden\"><span class=\"fn\"><a href=\"https:\/\/opiniaovalor.com\/en\/author\/Ye18.Maq910T\/\" title=\"Posts by Ye18.Maq910T\" rel=\"author\">Ye18.Maq910T<\/a><\/span><\/span><span class=\"updated rich-snippet-hidden\">2020-05-18T14:37:44+00:00<\/span><div  class=\"fusion-image-wrapper\" aria-haspopup=\"true\">\n\t\t\t\t<img data-recalc-dims=\"1\" decoding=\"async\" width=\"1100\" height=\"734\" src=\"https:\/\/i0.wp.com\/opiniaovalor.com\/wp-content\/uploads\/2019\/05\/RuaDaQuinta_01.jpg?resize=1100%2C734&#038;ssl=1\" class=\"attachment-full size-full wp-post-image\" alt=\"Rua da Quinta\" srcset=\"https:\/\/i0.wp.com\/opiniaovalor.com\/wp-content\/uploads\/2019\/05\/RuaDaQuinta_01.jpg?resize=200%2C133&amp;ssl=1 200w, https:\/\/i0.wp.com\/opiniaovalor.com\/wp-content\/uploads\/2019\/05\/RuaDaQuinta_01.jpg?resize=300%2C200&amp;ssl=1 300w, https:\/\/i0.wp.com\/opiniaovalor.com\/wp-content\/uploads\/2019\/05\/RuaDaQuinta_01.jpg?resize=400%2C267&amp;ssl=1 400w, https:\/\/i0.wp.com\/opiniaovalor.com\/wp-content\/uploads\/2019\/05\/RuaDaQuinta_01.jpg?resize=600%2C400&amp;ssl=1 600w, https:\/\/i0.wp.com\/opiniaovalor.com\/wp-content\/uploads\/2019\/05\/RuaDaQuinta_01.jpg?resize=768%2C512&amp;ssl=1 768w, https:\/\/i0.wp.com\/opiniaovalor.com\/wp-content\/uploads\/2019\/05\/RuaDaQuinta_01.jpg?resize=800%2C534&amp;ssl=1 800w, https:\/\/i0.wp.com\/opiniaovalor.com\/wp-content\/uploads\/2019\/05\/RuaDaQuinta_01.jpg?resize=1024%2C683&amp;ssl=1 1024w, https:\/\/i0.wp.com\/opiniaovalor.com\/wp-content\/uploads\/2019\/05\/RuaDaQuinta_01.jpg?resize=1200%2C801&amp;ssl=1 1200w, https:\/\/i0.wp.com\/opiniaovalor.com\/wp-content\/uploads\/2019\/05\/RuaDaQuinta_01.jpg?fit=1280%2C854&amp;ssl=1 1280w\" sizes=\"(min-width: 2200px) 100vw, (min-width: 732px) 544px, (min-width: 640px) 732px, \" \/><div class=\"fusion-rollover\">\n\t<div class=\"fusion-rollover-content\">\n\n\t\t\t\t\t\t\t\t\t\t\t\t\t\t<a class=\"fusion-rollover-link\" href=\"https:\/\/opiniaovalor.com\/en\/portfolio-items\/rua-da-quinta\/\">Rua da Quinta<\/a>\n\t\t\t\n\t\t\t\t\t\t\t\t\t\t\t\t\t\t\n\t\t\t\t\t\t\t\t\n\t\t\t\t\t\t\t\t\t\t\t\t\t<div class=\"fusion-rollover-sep\"><\/div>\n\t\t\t\t\n\t\t\t\t\t\t\t\t\t\t\t\t\t\t\t\t\t\t<a class=\"fusion-rollover-gallery\" href=\"https:\/\/i0.wp.com\/opiniaovalor.com\/wp-content\/uploads\/2019\/05\/RuaDaQuinta_01.jpg?fit=1280%2C854&ssl=1\" data-options=\"\" data-id=\"12056\" data-rel=\"iLightbox[gallery-rw-1]\" data-title=\"Rua da Quinta\" data-caption=\"Rua da Quinta\">\n\t\t\t\t\t\tGallery\t\t\t\t\t<\/a>\n\t\t\t\t\t\t\t\t\t\t\t\t\t\t\n\t\t\n\t\t\t\t\t\t\t\t\t\t\t\t<h4 class=\"fusion-rollover-title\">\n\t\t\t\t\t<a class=\"fusion-rollover-title-link\" href=\"https:\/\/opiniaovalor.com\/en\/portfolio-items\/rua-da-quinta\/\">\n\t\t\t\t\t\tRua da Quinta\t\t\t\t\t<\/a>\n\t\t\t\t<\/h4>\n\t\t\t\n\t\t\t\t\t\t\t\t\t\t<div class=\"fusion-rollover-categories\"><a href=\"https:\/\/opiniaovalor.com\/en\/portfolio_category\/imoveis\/\" rel=\"tag\">Im\u00f3veis<\/a><\/div>\t\t\t\t\t\n\t\t\n\t\t\t\t\t\t<a class=\"fusion-link-wrapper\" href=\"https:\/\/opiniaovalor.com\/en\/portfolio-items\/rua-da-quinta\/\" aria-label=\"Rua da Quinta\"><\/a>\n\t<\/div>\n<\/div>\n<\/div>\n<\/div><\/article><article id=\"portfolio-1-post-198\" class=\"fusion-portfolio-post imoveis fusion-col-spacing post-198\"><div class=\"fusion-portfolio-content-wrapper\" style=\"border:none;\"><span class=\"entry-title rich-snippet-hidden\">Moradia Escol\u00e1stica<\/span><span class=\"vcard rich-snippet-hidden\"><span class=\"fn\"><a href=\"https:\/\/opiniaovalor.com\/en\/author\/Ye18.Maq910T\/\" title=\"Posts by Ye18.Maq910T\" rel=\"author\">Ye18.Maq910T<\/a><\/span><\/span><span class=\"updated rich-snippet-hidden\">2019-07-04T15:32:32+00:00<\/span><div  class=\"fusion-image-wrapper\" aria-haspopup=\"true\">\n\t\t\t\t<img data-recalc-dims=\"1\" decoding=\"async\" width=\"1100\" height=\"734\" src=\"https:\/\/i0.wp.com\/opiniaovalor.com\/wp-content\/uploads\/2012\/07\/MoradiaEscolastica_04.jpg?resize=1100%2C734&#038;ssl=1\" class=\"attachment-full size-full wp-post-image\" alt=\"Moradia Escol\u00e1stica\" srcset=\"https:\/\/i0.wp.com\/opiniaovalor.com\/wp-content\/uploads\/2012\/07\/MoradiaEscolastica_04.jpg?resize=200%2C133&amp;ssl=1 200w, https:\/\/i0.wp.com\/opiniaovalor.com\/wp-content\/uploads\/2012\/07\/MoradiaEscolastica_04.jpg?resize=300%2C200&amp;ssl=1 300w, https:\/\/i0.wp.com\/opiniaovalor.com\/wp-content\/uploads\/2012\/07\/MoradiaEscolastica_04.jpg?resize=400%2C267&amp;ssl=1 400w, https:\/\/i0.wp.com\/opiniaovalor.com\/wp-content\/uploads\/2012\/07\/MoradiaEscolastica_04.jpg?resize=600%2C400&amp;ssl=1 600w, https:\/\/i0.wp.com\/opiniaovalor.com\/wp-content\/uploads\/2012\/07\/MoradiaEscolastica_04.jpg?resize=768%2C512&amp;ssl=1 768w, https:\/\/i0.wp.com\/opiniaovalor.com\/wp-content\/uploads\/2012\/07\/MoradiaEscolastica_04.jpg?resize=800%2C534&amp;ssl=1 800w, https:\/\/i0.wp.com\/opiniaovalor.com\/wp-content\/uploads\/2012\/07\/MoradiaEscolastica_04.jpg?resize=1024%2C683&amp;ssl=1 1024w, https:\/\/i0.wp.com\/opiniaovalor.com\/wp-content\/uploads\/2012\/07\/MoradiaEscolastica_04.jpg?resize=1200%2C801&amp;ssl=1 1200w, https:\/\/i0.wp.com\/opiniaovalor.com\/wp-content\/uploads\/2012\/07\/MoradiaEscolastica_04.jpg?fit=1280%2C854&amp;ssl=1 1280w\" sizes=\"(min-width: 2200px) 100vw, (min-width: 732px) 544px, (min-width: 640px) 732px, \" \/><div class=\"fusion-rollover\">\n\t<div class=\"fusion-rollover-content\">\n\n\t\t\t\t\t\t\t\t\t\t\t\t\t\t<a class=\"fusion-rollover-link\" href=\"https:\/\/opiniaovalor.com\/en\/portfolio-items\/moradia-escolastica\/\">Moradia Escol\u00e1stica<\/a>\n\t\t\t\n\t\t\t\t\t\t\t\t\t\t\t\t\t\t\n\t\t\t\t\t\t\t\t\n\t\t\t\t\t\t\t\t\t\t\t\t\t<div class=\"fusion-rollover-sep\"><\/div>\n\t\t\t\t\n\t\t\t\t\t\t\t\t\t\t\t\t\t\t\t\t\t\t<a class=\"fusion-rollover-gallery\" href=\"https:\/\/i0.wp.com\/opiniaovalor.com\/wp-content\/uploads\/2012\/07\/MoradiaEscolastica_04.jpg?fit=1280%2C854&ssl=1\" data-options=\"\" data-id=\"198\" data-rel=\"iLightbox[gallery-rw-1]\" data-title=\"Moradia Escol\u00e1stica\" data-caption=\"Moradia Escol\u00e1stica\">\n\t\t\t\t\t\tGallery\t\t\t\t\t<\/a>\n\t\t\t\t\t\t\t\t\t\t\t\t\t\t\n\t\t\n\t\t\t\t\t\t\t\t\t\t\t\t<h4 class=\"fusion-rollover-title\">\n\t\t\t\t\t<a class=\"fusion-rollover-title-link\" href=\"https:\/\/opiniaovalor.com\/en\/portfolio-items\/moradia-escolastica\/\">\n\t\t\t\t\t\tMoradia Escol\u00e1stica\t\t\t\t\t<\/a>\n\t\t\t\t<\/h4>\n\t\t\t\n\t\t\t\t\t\t\t\t\t\t<div class=\"fusion-rollover-categories\"><a href=\"https:\/\/opiniaovalor.com\/en\/portfolio_category\/imoveis\/\" rel=\"tag\">Im\u00f3veis<\/a><\/div>\t\t\t\t\t\n\t\t\n\t\t\t\t\t\t<a class=\"fusion-link-wrapper\" href=\"https:\/\/opiniaovalor.com\/en\/portfolio-items\/moradia-escolastica\/\" aria-label=\"Moradia Escol\u00e1stica\"><\/a>\n\t<\/div>\n<\/div>\n<\/div>\n<\/div><\/article><\/div><\/div><div class=\"fusion-clearfix\"><\/div><\/div><\/div><\/div><\/div>","protected":false},"excerpt":{"rendered":"","protected":false},"author":1,"featured_media":0,"parent":0,"menu_order":0,"comment_status":"closed","ping_status":"closed","template":"","meta":{"footnotes":""},"class_list":["post-10047","page","type-page","status-publish","hentry"],"yoast_head":"<!-- This site is optimized with the Yoast SEO plugin v25.4 - https:\/\/yoast.com\/wordpress\/plugins\/seo\/ -->\n<title>Im\u00f3veis | Opini\u00e3o Valor<\/title>\n<meta name=\"description\" content=\"Bem-vindo \u00e0 nossa sec\u00e7\u00e3o de im\u00f3veis, conhe\u00e7a todos os nossos empreendimentos e fique a saber mais sobre os projectos futuros da Opini\u00e3o Valor...\" \/>\n<meta name=\"robots\" content=\"index, follow, max-snippet:-1, max-image-preview:large, max-video-preview:-1\" \/>\n<link rel=\"canonical\" href=\"https:\/\/opiniaovalor.com\/en\/imoveis\/\" \/>\n<meta property=\"og:locale\" content=\"en_GB\" \/>\n<meta property=\"og:type\" content=\"article\" \/>\n<meta property=\"og:title\" content=\"Im\u00f3veis | Opini\u00e3o Valor\" \/>\n<meta property=\"og:description\" content=\"Bem-vindo \u00e0 nossa sec\u00e7\u00e3o de im\u00f3veis, conhe\u00e7a todos os nossos empreendimentos e fique a saber mais sobre os projectos futuros da Opini\u00e3o Valor...\" \/>\n<meta property=\"og:url\" content=\"https:\/\/opiniaovalor.com\/en\/imoveis\/\" \/>\n<meta property=\"og:site_name\" content=\"Opini\u00e3o Valor\" \/>\n<meta property=\"article:modified_time\" content=\"2019-07-03T21:25:13+00:00\" \/>\n<meta name=\"twitter:card\" content=\"summary_large_image\" \/>\n<meta name=\"twitter:label1\" content=\"Estimated reading time\" \/>\n\t<meta name=\"twitter:data1\" content=\"2 minutes\" \/>\n<script type=\"application\/ld+json\" class=\"yoast-schema-graph\">{\"@context\":\"https:\/\/schema.org\",\"@graph\":[{\"@type\":\"WebPage\",\"@id\":\"https:\/\/opiniaovalor.com\/imoveis\/\",\"url\":\"https:\/\/opiniaovalor.com\/imoveis\/\",\"name\":\"Im\u00f3veis | Opini\u00e3o Valor\",\"isPartOf\":{\"@id\":\"https:\/\/opiniaovalor.com\/#website\"},\"datePublished\":\"2014-08-14T18:06:48+00:00\",\"dateModified\":\"2019-07-03T21:25:13+00:00\",\"description\":\"Bem-vindo \u00e0 nossa sec\u00e7\u00e3o de im\u00f3veis, conhe\u00e7a todos os nossos empreendimentos e fique a saber mais sobre os projectos futuros da Opini\u00e3o Valor...\",\"breadcrumb\":{\"@id\":\"https:\/\/opiniaovalor.com\/imoveis\/#breadcrumb\"},\"inLanguage\":\"en-GB\",\"potentialAction\":[{\"@type\":\"ReadAction\",\"target\":[\"https:\/\/opiniaovalor.com\/imoveis\/\"]}]},{\"@type\":\"BreadcrumbList\",\"@id\":\"https:\/\/opiniaovalor.com\/imoveis\/#breadcrumb\",\"itemListElement\":[{\"@type\":\"ListItem\",\"position\":1,\"name\":\"In\u00edcio\",\"item\":\"https:\/\/opiniaovalor.com\/\"},{\"@type\":\"ListItem\",\"position\":2,\"name\":\"Im\u00f3veis\"}]},{\"@type\":\"WebSite\",\"@id\":\"https:\/\/opiniaovalor.com\/#website\",\"url\":\"https:\/\/opiniaovalor.com\/\",\"name\":\"Opini\u00e3o Valor\",\"description\":\"Under Construction\",\"publisher\":{\"@id\":\"https:\/\/opiniaovalor.com\/#organization\"},\"potentialAction\":[{\"@type\":\"SearchAction\",\"target\":{\"@type\":\"EntryPoint\",\"urlTemplate\":\"https:\/\/opiniaovalor.com\/?s={search_term_string}\"},\"query-input\":{\"@type\":\"PropertyValueSpecification\",\"valueRequired\":true,\"valueName\":\"search_term_string\"}}],\"inLanguage\":\"en-GB\"},{\"@type\":\"Organization\",\"@id\":\"https:\/\/opiniaovalor.com\/#organization\",\"name\":\"Opini\u00e3o Valor\",\"url\":\"https:\/\/opiniaovalor.com\/\",\"logo\":{\"@type\":\"ImageObject\",\"inLanguage\":\"en-GB\",\"@id\":\"https:\/\/opiniaovalor.com\/#\/schema\/logo\/image\/\",\"url\":\"https:\/\/i0.wp.com\/opiniaovalor.com\/wp-content\/uploads\/2019\/07\/OV_logo2_280x120.png?fit=280%2C120&ssl=1\",\"contentUrl\":\"https:\/\/i0.wp.com\/opiniaovalor.com\/wp-content\/uploads\/2019\/07\/OV_logo2_280x120.png?fit=280%2C120&ssl=1\",\"width\":280,\"height\":120,\"caption\":\"Opini\u00e3o Valor\"},\"image\":{\"@id\":\"https:\/\/opiniaovalor.com\/#\/schema\/logo\/image\/\"}}]}<\/script>\n<!-- \/ Yoast SEO plugin. -->","yoast_head_json":{"title":"Im\u00f3veis | Opini\u00e3o Valor","description":"Bem-vindo \u00e0 nossa sec\u00e7\u00e3o de im\u00f3veis, conhe\u00e7a todos os nossos empreendimentos e fique a saber mais sobre os projectos futuros da Opini\u00e3o Valor...","robots":{"index":"index","follow":"follow","max-snippet":"max-snippet:-1","max-image-preview":"max-image-preview:large","max-video-preview":"max-video-preview:-1"},"canonical":"https:\/\/opiniaovalor.com\/en\/imoveis\/","og_locale":"en_GB","og_type":"article","og_title":"Im\u00f3veis | Opini\u00e3o Valor","og_description":"Bem-vindo \u00e0 nossa sec\u00e7\u00e3o de im\u00f3veis, conhe\u00e7a todos os nossos empreendimentos e fique a saber mais sobre os projectos futuros da Opini\u00e3o Valor...","og_url":"https:\/\/opiniaovalor.com\/en\/imoveis\/","og_site_name":"Opini\u00e3o Valor","article_modified_time":"2019-07-03T21:25:13+00:00","twitter_card":"summary_large_image","twitter_misc":{"Estimated reading time":"2 minutes"},"schema":{"@context":"https:\/\/schema.org","@graph":[{"@type":"WebPage","@id":"https:\/\/opiniaovalor.com\/imoveis\/","url":"https:\/\/opiniaovalor.com\/imoveis\/","name":"Im\u00f3veis | Opini\u00e3o Valor","isPartOf":{"@id":"https:\/\/opiniaovalor.com\/#website"},"datePublished":"2014-08-14T18:06:48+00:00","dateModified":"2019-07-03T21:25:13+00:00","description":"Bem-vindo \u00e0 nossa sec\u00e7\u00e3o de im\u00f3veis, conhe\u00e7a todos os nossos empreendimentos e fique a saber mais sobre os projectos futuros da Opini\u00e3o Valor...","breadcrumb":{"@id":"https:\/\/opiniaovalor.com\/imoveis\/#breadcrumb"},"inLanguage":"en-GB","potentialAction":[{"@type":"ReadAction","target":["https:\/\/opiniaovalor.com\/imoveis\/"]}]},{"@type":"BreadcrumbList","@id":"https:\/\/opiniaovalor.com\/imoveis\/#breadcrumb","itemListElement":[{"@type":"ListItem","position":1,"name":"In\u00edcio","item":"https:\/\/opiniaovalor.com\/"},{"@type":"ListItem","position":2,"name":"Im\u00f3veis"}]},{"@type":"WebSite","@id":"https:\/\/opiniaovalor.com\/#website","url":"https:\/\/opiniaovalor.com\/","name":"Opini\u00e3o Valor","description":"Under Construction","publisher":{"@id":"https:\/\/opiniaovalor.com\/#organization"},"potentialAction":[{"@type":"SearchAction","target":{"@type":"EntryPoint","urlTemplate":"https:\/\/opiniaovalor.com\/?s={search_term_string}"},"query-input":{"@type":"PropertyValueSpecification","valueRequired":true,"valueName":"search_term_string"}}],"inLanguage":"en-GB"},{"@type":"Organization","@id":"https:\/\/opiniaovalor.com\/#organization","name":"Opini\u00e3o Valor","url":"https:\/\/opiniaovalor.com\/","logo":{"@type":"ImageObject","inLanguage":"en-GB","@id":"https:\/\/opiniaovalor.com\/#\/schema\/logo\/image\/","url":"https:\/\/i0.wp.com\/opiniaovalor.com\/wp-content\/uploads\/2019\/07\/OV_logo2_280x120.png?fit=280%2C120&ssl=1","contentUrl":"https:\/\/i0.wp.com\/opiniaovalor.com\/wp-content\/uploads\/2019\/07\/OV_logo2_280x120.png?fit=280%2C120&ssl=1","width":280,"height":120,"caption":"Opini\u00e3o Valor"},"image":{"@id":"https:\/\/opiniaovalor.com\/#\/schema\/logo\/image\/"}}]}},"jetpack_shortlink":"https:\/\/wp.me\/PaVwcz-2C3","jetpack_sharing_enabled":true,"_links":{"self":[{"href":"https:\/\/opiniaovalor.com\/en\/wp-json\/wp\/v2\/pages\/10047","targetHints":{"allow":["GET"]}}],"collection":[{"href":"https:\/\/opiniaovalor.com\/en\/wp-json\/wp\/v2\/pages"}],"about":[{"href":"https:\/\/opiniaovalor.com\/en\/wp-json\/wp\/v2\/types\/page"}],"author":[{"embeddable":true,"href":"https:\/\/opiniaovalor.com\/en\/wp-json\/wp\/v2\/users\/1"}],"replies":[{"embeddable":true,"href":"https:\/\/opiniaovalor.com\/en\/wp-json\/wp\/v2\/comments?post=10047"}],"version-history":[{"count":1,"href":"https:\/\/opiniaovalor.com\/en\/wp-json\/wp\/v2\/pages\/10047\/revisions"}],"predecessor-version":[{"id":12196,"href":"https:\/\/opiniaovalor.com\/en\/wp-json\/wp\/v2\/pages\/10047\/revisions\/12196"}],"wp:attachment":[{"href":"https:\/\/opiniaovalor.com\/en\/wp-json\/wp\/v2\/media?parent=10047"}],"curies":[{"name":"wp","href":"https:\/\/api.w.org\/{rel}","templated":true}]}}